{"id":843,"date":"2025-04-08T08:55:31","date_gmt":"2025-04-08T06:55:31","guid":{"rendered":"https:\/\/midybags.foster.cat\/blog\/"},"modified":"2025-11-05T12:57:04","modified_gmt":"2025-11-05T11:57:04","slug":"blog","status":"publish","type":"page","link":"https:\/\/midybags.com\/es\/blog\/","title":{"rendered":"Blog"},"content":{"rendered":"<h1>BLOG<\/h1>\n<p>Descubre nuestro blog<\/p>\n<p>\t\t\t\t\t\t\t\t\t\t\t\t\t\t\t<img decoding=\"async\" width=\"2262\" height=\"2560\" src=\"https:\/\/midybags.com\/wp-content\/uploads\/2025\/04\/Recurso-5-scaled.webp\" alt=\"BLOC\" srcset=\"https:\/\/midybags.com\/wp-content\/uploads\/2025\/04\/Recurso-5-scaled.webp 2262w, https:\/\/midybags.com\/wp-content\/uploads\/2025\/04\/Recurso-5-265x300.webp 265w, https:\/\/midybags.com\/wp-content\/uploads\/2025\/04\/Recurso-5-905x1024.webp 905w, https:\/\/midybags.com\/wp-content\/uploads\/2025\/04\/Recurso-5-768x869.webp 768w, https:\/\/midybags.com\/wp-content\/uploads\/2025\/04\/Recurso-5-1357x1536.webp 1357w, https:\/\/midybags.com\/wp-content\/uploads\/2025\/04\/Recurso-5-1810x2048.webp 1810w\" sizes=\"(max-width: 2262px) 100vw, 2262px\" \/>\t\t\t\t\t\t\t\t\t\t\t\t\t\t\t<\/p>\n<p>Descubre nuestro blog<\/p>\n<h2>\u00bfQuieres saber qu\u00e9 ocurre con las velas cuando acaban su vida \u00fatil?  <\/h2>\n<p>Te ense\u00f1amos c\u00f3mo podemos darles una segunda vida a trav\u00e9s del reciclaje y la creatividad. Explora ideas, consejos e historias relacionadas con el mundo de las velas recicladas y la tapicer\u00eda sostenible.<\/p>\n<p>\t\t\t\t\t\t\t\t\t\t\t\t\t\t\t<img decoding=\"async\" width=\"500\" height=\"610\" src=\"https:\/\/midybags.com\/wp-content\/uploads\/2025\/04\/Botiga-taller-2.png\" alt=\"Marielle\" srcset=\"https:\/\/midybags.com\/wp-content\/uploads\/2025\/04\/Botiga-taller-2.png 500w, https:\/\/midybags.com\/wp-content\/uploads\/2025\/04\/Botiga-taller-2-246x300.png 246w\" sizes=\"(max-width: 500px) 100vw, 500px\" \/><\/p>\n","protected":false},"excerpt":{"rendered":"<p>BLOG Descubre nuestro blog Descubre nuestro blog \u00bfQuieres saber qu\u00e9 ocurre con las velas cuando acaban su vida \u00fatil? Te ense\u00f1amos c\u00f3mo podemos darles una segunda vida a trav\u00e9s del reciclaje y la creatividad. Explora ideas, consejos e historias relacionadas con el mundo de las velas recicladas y la tapicer\u00eda sostenible.<\/p>\n","protected":false},"author":1,"featured_media":985,"parent":0,"menu_order":0,"comment_status":"closed","ping_status":"closed","template":"elementor_header_footer","meta":{"footnotes":""},"class_list":["post-843","page","type-page","status-publish","has-post-thumbnail","hentry"],"yoast_head":"<!-- This site is optimized with the Yoast SEO plugin v27.5 - https:\/\/yoast.com\/product\/yoast-seo-wordpress\/ -->\n<title>Reciclar velas y lonas para decorar - Blog Midy Bags<\/title>\n<meta name=\"description\" content=\"Descubre c\u00f3mo reciclar velas y lonas para decorar de forma creativa y sostenible. Consejos, ideas e inspiraci\u00f3n en el blog de Midy Bags.\" \/>\n<meta name=\"robots\" content=\"index, follow, max-snippet:-1, max-image-preview:large, max-video-preview:-1\" \/>\n<link rel=\"canonical\" href=\"https:\/\/midybags.com\/es\/blog\/\" \/>\n<meta property=\"og:locale\" content=\"es_ES\" \/>\n<meta property=\"og:type\" content=\"article\" \/>\n<meta property=\"og:title\" content=\"Reciclar velas y lonas para decorar - Blog Midy Bags\" \/>\n<meta property=\"og:description\" content=\"Descubre c\u00f3mo reciclar velas y lonas para decorar de forma creativa y sostenible. Consejos, ideas e inspiraci\u00f3n en el blog de Midy Bags.\" \/>\n<meta property=\"og:url\" content=\"https:\/\/midybags.com\/es\/blog\/\" \/>\n<meta property=\"og:site_name\" content=\"Midy Bags\" \/>\n<meta property=\"article:modified_time\" content=\"2025-11-05T11:57:04+00:00\" \/>\n<meta property=\"og:image\" content=\"https:\/\/midybags.com\/wp-content\/uploads\/2025\/03\/Mesa-de-trabajo-1.jpg\" \/>\n\t<meta property=\"og:image:width\" content=\"277\" \/>\n\t<meta property=\"og:image:height\" content=\"226\" \/>\n\t<meta property=\"og:image:type\" content=\"image\/jpeg\" \/>\n<meta name=\"twitter:card\" content=\"summary_large_image\" \/>\n<meta name=\"twitter:label1\" content=\"Tiempo de lectura\" \/>\n\t<meta name=\"twitter:data1\" content=\"2 minutos\" \/>\n<script type=\"application\/ld+json\" class=\"yoast-schema-graph\">{\"@context\":\"https:\\\/\\\/schema.org\",\"@graph\":[{\"@type\":\"WebPage\",\"@id\":\"https:\\\/\\\/midybags.com\\\/es\\\/blog\\\/\",\"url\":\"https:\\\/\\\/midybags.com\\\/es\\\/blog\\\/\",\"name\":\"Reciclar velas y lonas para decorar - Blog Midy Bags\",\"isPartOf\":{\"@id\":\"https:\\\/\\\/midybags.com\\\/es\\\/#website\"},\"primaryImageOfPage\":{\"@id\":\"https:\\\/\\\/midybags.com\\\/es\\\/blog\\\/#primaryimage\"},\"image\":{\"@id\":\"https:\\\/\\\/midybags.com\\\/es\\\/blog\\\/#primaryimage\"},\"thumbnailUrl\":\"https:\\\/\\\/midybags.com\\\/wp-content\\\/uploads\\\/2025\\\/03\\\/Mesa-de-trabajo-1.jpg\",\"datePublished\":\"2025-04-08T06:55:31+00:00\",\"dateModified\":\"2025-11-05T11:57:04+00:00\",\"description\":\"Descubre c\u00f3mo reciclar velas y lonas para decorar de forma creativa y sostenible. Consejos, ideas e inspiraci\u00f3n en el blog de Midy Bags.\",\"breadcrumb\":{\"@id\":\"https:\\\/\\\/midybags.com\\\/es\\\/blog\\\/#breadcrumb\"},\"inLanguage\":\"es\",\"potentialAction\":[{\"@type\":\"ReadAction\",\"target\":[\"https:\\\/\\\/midybags.com\\\/es\\\/blog\\\/\"]}]},{\"@type\":\"ImageObject\",\"inLanguage\":\"es\",\"@id\":\"https:\\\/\\\/midybags.com\\\/es\\\/blog\\\/#primaryimage\",\"url\":\"https:\\\/\\\/midybags.com\\\/wp-content\\\/uploads\\\/2025\\\/03\\\/Mesa-de-trabajo-1.jpg\",\"contentUrl\":\"https:\\\/\\\/midybags.com\\\/wp-content\\\/uploads\\\/2025\\\/03\\\/Mesa-de-trabajo-1.jpg\",\"width\":277,\"height\":226,\"caption\":\"favicon_midybags\"},{\"@type\":\"BreadcrumbList\",\"@id\":\"https:\\\/\\\/midybags.com\\\/es\\\/blog\\\/#breadcrumb\",\"itemListElement\":[{\"@type\":\"ListItem\",\"position\":1,\"name\":\"Inici\",\"item\":\"https:\\\/\\\/midybags.com\\\/es\\\/\"},{\"@type\":\"ListItem\",\"position\":2,\"name\":\"Blog\"}]},{\"@type\":\"WebSite\",\"@id\":\"https:\\\/\\\/midybags.com\\\/es\\\/#website\",\"url\":\"https:\\\/\\\/midybags.com\\\/es\\\/\",\"name\":\"Midy Bags\",\"description\":\"Lones i veles reciclades\",\"publisher\":{\"@id\":\"https:\\\/\\\/midybags.com\\\/es\\\/#organization\"},\"potentialAction\":[{\"@type\":\"SearchAction\",\"target\":{\"@type\":\"EntryPoint\",\"urlTemplate\":\"https:\\\/\\\/midybags.com\\\/es\\\/?s={search_term_string}\"},\"query-input\":{\"@type\":\"PropertyValueSpecification\",\"valueRequired\":true,\"valueName\":\"search_term_string\"}}],\"inLanguage\":\"es\"},{\"@type\":\"Organization\",\"@id\":\"https:\\\/\\\/midybags.com\\\/es\\\/#organization\",\"name\":\"Midy Bags\",\"url\":\"https:\\\/\\\/midybags.com\\\/es\\\/\",\"logo\":{\"@type\":\"ImageObject\",\"inLanguage\":\"es\",\"@id\":\"https:\\\/\\\/midybags.com\\\/es\\\/#\\\/schema\\\/logo\\\/image\\\/\",\"url\":\"https:\\\/\\\/midybags.com\\\/wp-content\\\/uploads\\\/2025\\\/03\\\/LOGO-2.png\",\"contentUrl\":\"https:\\\/\\\/midybags.com\\\/wp-content\\\/uploads\\\/2025\\\/03\\\/LOGO-2.png\",\"width\":274,\"height\":275,\"caption\":\"Midy Bags\"},\"image\":{\"@id\":\"https:\\\/\\\/midybags.com\\\/es\\\/#\\\/schema\\\/logo\\\/image\\\/\"}}]}<\/script>\n<!-- \/ Yoast SEO plugin. -->","yoast_head_json":{"title":"Reciclar velas y lonas para decorar - Blog Midy Bags","description":"Descubre c\u00f3mo reciclar velas y lonas para decorar de forma creativa y sostenible. Consejos, ideas e inspiraci\u00f3n en el blog de Midy Bags.","robots":{"index":"index","follow":"follow","max-snippet":"max-snippet:-1","max-image-preview":"max-image-preview:large","max-video-preview":"max-video-preview:-1"},"canonical":"https:\/\/midybags.com\/es\/blog\/","og_locale":"es_ES","og_type":"article","og_title":"Reciclar velas y lonas para decorar - Blog Midy Bags","og_description":"Descubre c\u00f3mo reciclar velas y lonas para decorar de forma creativa y sostenible. Consejos, ideas e inspiraci\u00f3n en el blog de Midy Bags.","og_url":"https:\/\/midybags.com\/es\/blog\/","og_site_name":"Midy Bags","article_modified_time":"2025-11-05T11:57:04+00:00","og_image":[{"width":277,"height":226,"url":"https:\/\/midybags.com\/wp-content\/uploads\/2025\/03\/Mesa-de-trabajo-1.jpg","type":"image\/jpeg"}],"twitter_card":"summary_large_image","twitter_misc":{"Tiempo de lectura":"2 minutos"},"schema":{"@context":"https:\/\/schema.org","@graph":[{"@type":"WebPage","@id":"https:\/\/midybags.com\/es\/blog\/","url":"https:\/\/midybags.com\/es\/blog\/","name":"Reciclar velas y lonas para decorar - Blog Midy Bags","isPartOf":{"@id":"https:\/\/midybags.com\/es\/#website"},"primaryImageOfPage":{"@id":"https:\/\/midybags.com\/es\/blog\/#primaryimage"},"image":{"@id":"https:\/\/midybags.com\/es\/blog\/#primaryimage"},"thumbnailUrl":"https:\/\/midybags.com\/wp-content\/uploads\/2025\/03\/Mesa-de-trabajo-1.jpg","datePublished":"2025-04-08T06:55:31+00:00","dateModified":"2025-11-05T11:57:04+00:00","description":"Descubre c\u00f3mo reciclar velas y lonas para decorar de forma creativa y sostenible. Consejos, ideas e inspiraci\u00f3n en el blog de Midy Bags.","breadcrumb":{"@id":"https:\/\/midybags.com\/es\/blog\/#breadcrumb"},"inLanguage":"es","potentialAction":[{"@type":"ReadAction","target":["https:\/\/midybags.com\/es\/blog\/"]}]},{"@type":"ImageObject","inLanguage":"es","@id":"https:\/\/midybags.com\/es\/blog\/#primaryimage","url":"https:\/\/midybags.com\/wp-content\/uploads\/2025\/03\/Mesa-de-trabajo-1.jpg","contentUrl":"https:\/\/midybags.com\/wp-content\/uploads\/2025\/03\/Mesa-de-trabajo-1.jpg","width":277,"height":226,"caption":"favicon_midybags"},{"@type":"BreadcrumbList","@id":"https:\/\/midybags.com\/es\/blog\/#breadcrumb","itemListElement":[{"@type":"ListItem","position":1,"name":"Inici","item":"https:\/\/midybags.com\/es\/"},{"@type":"ListItem","position":2,"name":"Blog"}]},{"@type":"WebSite","@id":"https:\/\/midybags.com\/es\/#website","url":"https:\/\/midybags.com\/es\/","name":"Midy Bags","description":"Lones i veles reciclades","publisher":{"@id":"https:\/\/midybags.com\/es\/#organization"},"potentialAction":[{"@type":"SearchAction","target":{"@type":"EntryPoint","urlTemplate":"https:\/\/midybags.com\/es\/?s={search_term_string}"},"query-input":{"@type":"PropertyValueSpecification","valueRequired":true,"valueName":"search_term_string"}}],"inLanguage":"es"},{"@type":"Organization","@id":"https:\/\/midybags.com\/es\/#organization","name":"Midy Bags","url":"https:\/\/midybags.com\/es\/","logo":{"@type":"ImageObject","inLanguage":"es","@id":"https:\/\/midybags.com\/es\/#\/schema\/logo\/image\/","url":"https:\/\/midybags.com\/wp-content\/uploads\/2025\/03\/LOGO-2.png","contentUrl":"https:\/\/midybags.com\/wp-content\/uploads\/2025\/03\/LOGO-2.png","width":274,"height":275,"caption":"Midy Bags"},"image":{"@id":"https:\/\/midybags.com\/es\/#\/schema\/logo\/image\/"}}]}},"_links":{"self":[{"href":"https:\/\/midybags.com\/es\/wp-json\/wp\/v2\/pages\/843","targetHints":{"allow":["GET"]}}],"collection":[{"href":"https:\/\/midybags.com\/es\/wp-json\/wp\/v2\/pages"}],"about":[{"href":"https:\/\/midybags.com\/es\/wp-json\/wp\/v2\/types\/page"}],"author":[{"embeddable":true,"href":"https:\/\/midybags.com\/es\/wp-json\/wp\/v2\/users\/1"}],"replies":[{"embeddable":true,"href":"https:\/\/midybags.com\/es\/wp-json\/wp\/v2\/comments?post=843"}],"version-history":[{"count":17,"href":"https:\/\/midybags.com\/es\/wp-json\/wp\/v2\/pages\/843\/revisions"}],"predecessor-version":[{"id":1197,"href":"https:\/\/midybags.com\/es\/wp-json\/wp\/v2\/pages\/843\/revisions\/1197"}],"wp:featuredmedia":[{"embeddable":true,"href":"https:\/\/midybags.com\/es\/wp-json\/wp\/v2\/media\/985"}],"wp:attachment":[{"href":"https:\/\/midybags.com\/es\/wp-json\/wp\/v2\/media?parent=843"}],"curies":[{"name":"wp","href":"https:\/\/api.w.org\/{rel}","templated":true}]}}