{"id":847,"date":"2025-04-07T12:42:37","date_gmt":"2025-04-07T10:42:37","guid":{"rendered":"https:\/\/midybags.foster.cat\/artesana\/"},"modified":"2025-04-10T11:06:43","modified_gmt":"2025-04-10T09:06:43","slug":"artesana","status":"publish","type":"page","link":"https:\/\/midybags.com\/es\/artesana\/","title":{"rendered":"Artesana"},"content":{"rendered":"<h1>ARTESANA<\/h1>\n<p>Conoce a Marielle, artesana de velas y lonas<\/p>\n<p>\t\t\t\t\t\t\t\t\t\t\t\t\t\t\t<img decoding=\"async\" width=\"2395\" height=\"2560\" src=\"https:\/\/midybags.foster.cat\/wp-content\/uploads\/2025\/04\/Recurso-2-scaled.webp\" alt=\"Artesana\" srcset=\"https:\/\/midybags.foster.cat\/wp-content\/uploads\/2025\/04\/Recurso-2-scaled.webp 2395w, https:\/\/midybags.foster.cat\/wp-content\/uploads\/2025\/04\/Recurso-2-281x300.webp 281w, https:\/\/midybags.foster.cat\/wp-content\/uploads\/2025\/04\/Recurso-2-958x1024.webp 958w, https:\/\/midybags.foster.cat\/wp-content\/uploads\/2025\/04\/Recurso-2-768x821.webp 768w, https:\/\/midybags.foster.cat\/wp-content\/uploads\/2025\/04\/Recurso-2-1437x1536.webp 1437w, https:\/\/midybags.foster.cat\/wp-content\/uploads\/2025\/04\/Recurso-2-1916x2048.webp 1916w\" sizes=\"(max-width: 2395px) 100vw, 2395px\" \/>\t\t\t\t\t\t\t\t\t\t\t\t\t\t\t<\/p>\n<p>Conoce a Marielle, artesana de velas y lonas<\/p>\n<p>\t\t\t\t\t\t\t\t\t\t\t\t\t\t\t<img decoding=\"async\" width=\"650\" height=\"759\" src=\"https:\/\/midybags.foster.cat\/wp-content\/uploads\/2025\/04\/Group-29.png\" alt=\"Marielle\" srcset=\"https:\/\/midybags.foster.cat\/wp-content\/uploads\/2025\/04\/Group-29.png 650w, https:\/\/midybags.foster.cat\/wp-content\/uploads\/2025\/04\/Group-29-257x300.png 257w\" sizes=\"(max-width: 650px) 100vw, 650px\" \/>\t\t\t\t\t\t\t\t\t\t\t\t\t\t\t<\/p>\n<p>Soy <strong>Marielle, artesana de velas y lonas<\/strong> .<br \/> Siempre he tenido una conexi\u00f3n especial con el mar, y esta pasi\u00f3n me llev\u00f3 a trabajar como <strong>marinera<\/strong> ya cuidar de veleros en puertos como Estartit, Escala y otros puntos de nuestro litoral.<\/p>\n<p>Con los a\u00f1os, descubr\u00ed una forma de dar una <strong>segunda vida a las velas y lonas<\/strong> que ya hab\u00edan cumplido su ciclo en la navegaci\u00f3n. Ahora, las recicla y las cose para transformarlas en bolsas, complementos y otras creaciones \u00fanicas, combinando <strong>artesan\u00eda, sostenibilidad y el amor por el mar.<\/strong><\/p>\n<h3>Segunda vida<\/h3>\n<p>\t\t\t\t\t\t\t\t\t\t\t\t\t\t\t<img decoding=\"async\" width=\"800\" height=\"476\" src=\"https:\/\/midybags.foster.cat\/wp-content\/uploads\/2025\/04\/Rectangle-18.png\" alt=\"Taller midybags\" srcset=\"https:\/\/midybags.foster.cat\/wp-content\/uploads\/2025\/04\/Rectangle-18.png 860w, https:\/\/midybags.foster.cat\/wp-content\/uploads\/2025\/04\/Rectangle-18-300x179.png 300w, https:\/\/midybags.foster.cat\/wp-content\/uploads\/2025\/04\/Rectangle-18-768x457.png 768w\" sizes=\"(max-width: 800px) 100vw, 800px\" \/><br \/>\n\t\t\t\t\t\t\t\t\t\t\t\t\t\t\t<img decoding=\"async\" width=\"394\" height=\"875\" src=\"https:\/\/midybags.foster.cat\/wp-content\/uploads\/2025\/04\/Rectangle-20.png\" alt=\"Parada midybags\" srcset=\"https:\/\/midybags.foster.cat\/wp-content\/uploads\/2025\/04\/Rectangle-20.png 394w, https:\/\/midybags.foster.cat\/wp-content\/uploads\/2025\/04\/Rectangle-20-135x300.png 135w\" sizes=\"(max-width: 394px) 100vw, 394px\" \/>\t\t\t\t\t\t\t\t\t\t\t\t\t\t\t<\/p>\n<h2>Productos<\/h2>\n<p>Cada pieza que creo tiene una historia detr\u00e1s, hecha con <strong>materiales que han recorrido mares y atravesado temporales.<\/strong><\/p>\n<p>Con Midybags, quiero que estas <strong>historias sigan viajando, pero esta vez contigo.<\/strong><\/p>\n<p>\t\t\t\t\t<a href=\"https:\/\/midybags.foster.cat\/es\/servicios\/\"><br \/>\n\t\t\t\t\t\t\t\t\tVer productos<br \/>\n\t\t\t\t\t<\/a><br \/>\n\t\t\t\t\t\t\t\t\t\t\t\t\t\t\t<img decoding=\"async\" width=\"400\" height=\"875\" src=\"https:\/\/midybags.foster.cat\/wp-content\/uploads\/2025\/04\/Rectangle-21.png\" alt=\"Bolso midybags\" srcset=\"https:\/\/midybags.foster.cat\/wp-content\/uploads\/2025\/04\/Rectangle-21.png 400w, https:\/\/midybags.foster.cat\/wp-content\/uploads\/2025\/04\/Rectangle-21-137x300.png 137w\" sizes=\"(max-width: 400px) 100vw, 400px\" \/>\t\t\t\t\t\t\t\t\t\t\t\t\t\t\t<\/p>\n<h6>\u00bfTienes una idea para un proyecto personalizado?<\/h6>\n<p>\t\t\t\t\t<a href=\"http:\/\/cuento\"><br \/>\n\t\t\t\t\t\t\t\t\tContacta conmigo<br \/>\n\t\t\t\t\t<\/a><\/p>\n","protected":false},"excerpt":{"rendered":"<p>ARTESANA Conoce a Marielle, artesana de velas y lonas Conoce a Marielle, artesana de velas y lonas Soy Marielle, artesana de velas y lonas . Siempre he tenido una conexi\u00f3n especial con el mar, y esta pasi\u00f3n me llev\u00f3 a trabajar como marinera ya cuidar de veleros en puertos como Estartit, Escala y otros puntos [&hellip;]<\/p>\n","protected":false},"author":1,"featured_media":833,"parent":0,"menu_order":0,"comment_status":"closed","ping_status":"closed","template":"elementor_header_footer","meta":{"footnotes":""},"class_list":["post-847","page","type-page","status-publish","has-post-thumbnail","hentry"],"yoast_head":"<!-- This site is optimized with the Yoast SEO plugin v27.5 - https:\/\/yoast.com\/product\/yoast-seo-wordpress\/ -->\n<title>Artesana materiales reciclados - Midy Bags<\/title>\n<meta name=\"description\" content=\"Conoce a Marielle, artesana de Torroella que crea productos hechos a mano con materiales reciclados: bolsas, fundas, decoraci\u00f3n y mucho m\u00e1s.\" \/>\n<meta name=\"robots\" content=\"index, follow, max-snippet:-1, max-image-preview:large, max-video-preview:-1\" \/>\n<link rel=\"canonical\" href=\"https:\/\/midybags.com\/es\/artesana\/\" \/>\n<meta property=\"og:locale\" content=\"es_ES\" \/>\n<meta property=\"og:type\" content=\"article\" \/>\n<meta property=\"og:title\" content=\"Artesana materiales reciclados - Midy Bags\" \/>\n<meta property=\"og:description\" content=\"Conoce a Marielle, artesana de Torroella que crea productos hechos a mano con materiales reciclados: bolsas, fundas, decoraci\u00f3n y mucho m\u00e1s.\" \/>\n<meta property=\"og:url\" content=\"https:\/\/midybags.com\/es\/artesana\/\" \/>\n<meta property=\"og:site_name\" content=\"Midy Bags\" \/>\n<meta property=\"article:modified_time\" content=\"2025-04-10T09:06:43+00:00\" \/>\n<meta property=\"og:image\" content=\"https:\/\/midybags.com\/wp-content\/uploads\/2025\/04\/marielle--scaled.jpg\" \/>\n\t<meta property=\"og:image:width\" content=\"2560\" \/>\n\t<meta property=\"og:image:height\" content=\"1920\" \/>\n\t<meta property=\"og:image:type\" content=\"image\/jpeg\" \/>\n<meta name=\"twitter:card\" content=\"summary_large_image\" \/>\n<meta name=\"twitter:label1\" content=\"Tiempo de lectura\" \/>\n\t<meta name=\"twitter:data1\" content=\"1 minuto\" \/>\n<script type=\"application\/ld+json\" class=\"yoast-schema-graph\">{\"@context\":\"https:\\\/\\\/schema.org\",\"@graph\":[{\"@type\":\"WebPage\",\"@id\":\"https:\\\/\\\/midybags.com\\\/es\\\/artesana\\\/\",\"url\":\"https:\\\/\\\/midybags.com\\\/es\\\/artesana\\\/\",\"name\":\"Artesana materiales reciclados - Midy Bags\",\"isPartOf\":{\"@id\":\"https:\\\/\\\/midybags.com\\\/es\\\/#website\"},\"primaryImageOfPage\":{\"@id\":\"https:\\\/\\\/midybags.com\\\/es\\\/artesana\\\/#primaryimage\"},\"image\":{\"@id\":\"https:\\\/\\\/midybags.com\\\/es\\\/artesana\\\/#primaryimage\"},\"thumbnailUrl\":\"https:\\\/\\\/midybags.com\\\/wp-content\\\/uploads\\\/2025\\\/04\\\/marielle--scaled.jpg\",\"datePublished\":\"2025-04-07T10:42:37+00:00\",\"dateModified\":\"2025-04-10T09:06:43+00:00\",\"description\":\"Conoce a Marielle, artesana de Torroella que crea productos hechos a mano con materiales reciclados: bolsas, fundas, decoraci\u00f3n y mucho m\u00e1s.\",\"breadcrumb\":{\"@id\":\"https:\\\/\\\/midybags.com\\\/es\\\/artesana\\\/#breadcrumb\"},\"inLanguage\":\"es\",\"potentialAction\":[{\"@type\":\"ReadAction\",\"target\":[\"https:\\\/\\\/midybags.com\\\/es\\\/artesana\\\/\"]}]},{\"@type\":\"ImageObject\",\"inLanguage\":\"es\",\"@id\":\"https:\\\/\\\/midybags.com\\\/es\\\/artesana\\\/#primaryimage\",\"url\":\"https:\\\/\\\/midybags.com\\\/wp-content\\\/uploads\\\/2025\\\/04\\\/marielle--scaled.jpg\",\"contentUrl\":\"https:\\\/\\\/midybags.com\\\/wp-content\\\/uploads\\\/2025\\\/04\\\/marielle--scaled.jpg\",\"width\":2560,\"height\":1920,\"caption\":\"artesana\"},{\"@type\":\"BreadcrumbList\",\"@id\":\"https:\\\/\\\/midybags.com\\\/es\\\/artesana\\\/#breadcrumb\",\"itemListElement\":[{\"@type\":\"ListItem\",\"position\":1,\"name\":\"Inici\",\"item\":\"https:\\\/\\\/midybags.com\\\/es\\\/\"},{\"@type\":\"ListItem\",\"position\":2,\"name\":\"Artesana\"}]},{\"@type\":\"WebSite\",\"@id\":\"https:\\\/\\\/midybags.com\\\/es\\\/#website\",\"url\":\"https:\\\/\\\/midybags.com\\\/es\\\/\",\"name\":\"Midy Bags\",\"description\":\"Lones i veles reciclades\",\"publisher\":{\"@id\":\"https:\\\/\\\/midybags.com\\\/es\\\/#organization\"},\"potentialAction\":[{\"@type\":\"SearchAction\",\"target\":{\"@type\":\"EntryPoint\",\"urlTemplate\":\"https:\\\/\\\/midybags.com\\\/es\\\/?s={search_term_string}\"},\"query-input\":{\"@type\":\"PropertyValueSpecification\",\"valueRequired\":true,\"valueName\":\"search_term_string\"}}],\"inLanguage\":\"es\"},{\"@type\":\"Organization\",\"@id\":\"https:\\\/\\\/midybags.com\\\/es\\\/#organization\",\"name\":\"Midy Bags\",\"url\":\"https:\\\/\\\/midybags.com\\\/es\\\/\",\"logo\":{\"@type\":\"ImageObject\",\"inLanguage\":\"es\",\"@id\":\"https:\\\/\\\/midybags.com\\\/es\\\/#\\\/schema\\\/logo\\\/image\\\/\",\"url\":\"https:\\\/\\\/midybags.com\\\/wp-content\\\/uploads\\\/2025\\\/03\\\/LOGO-2.png\",\"contentUrl\":\"https:\\\/\\\/midybags.com\\\/wp-content\\\/uploads\\\/2025\\\/03\\\/LOGO-2.png\",\"width\":274,\"height\":275,\"caption\":\"Midy Bags\"},\"image\":{\"@id\":\"https:\\\/\\\/midybags.com\\\/es\\\/#\\\/schema\\\/logo\\\/image\\\/\"}}]}<\/script>\n<!-- \/ Yoast SEO plugin. -->","yoast_head_json":{"title":"Artesana materiales reciclados - Midy Bags","description":"Conoce a Marielle, artesana de Torroella que crea productos hechos a mano con materiales reciclados: bolsas, fundas, decoraci\u00f3n y mucho m\u00e1s.","robots":{"index":"index","follow":"follow","max-snippet":"max-snippet:-1","max-image-preview":"max-image-preview:large","max-video-preview":"max-video-preview:-1"},"canonical":"https:\/\/midybags.com\/es\/artesana\/","og_locale":"es_ES","og_type":"article","og_title":"Artesana materiales reciclados - Midy Bags","og_description":"Conoce a Marielle, artesana de Torroella que crea productos hechos a mano con materiales reciclados: bolsas, fundas, decoraci\u00f3n y mucho m\u00e1s.","og_url":"https:\/\/midybags.com\/es\/artesana\/","og_site_name":"Midy Bags","article_modified_time":"2025-04-10T09:06:43+00:00","og_image":[{"width":2560,"height":1920,"url":"https:\/\/midybags.com\/wp-content\/uploads\/2025\/04\/marielle--scaled.jpg","type":"image\/jpeg"}],"twitter_card":"summary_large_image","twitter_misc":{"Tiempo de lectura":"1 minuto"},"schema":{"@context":"https:\/\/schema.org","@graph":[{"@type":"WebPage","@id":"https:\/\/midybags.com\/es\/artesana\/","url":"https:\/\/midybags.com\/es\/artesana\/","name":"Artesana materiales reciclados - Midy Bags","isPartOf":{"@id":"https:\/\/midybags.com\/es\/#website"},"primaryImageOfPage":{"@id":"https:\/\/midybags.com\/es\/artesana\/#primaryimage"},"image":{"@id":"https:\/\/midybags.com\/es\/artesana\/#primaryimage"},"thumbnailUrl":"https:\/\/midybags.com\/wp-content\/uploads\/2025\/04\/marielle--scaled.jpg","datePublished":"2025-04-07T10:42:37+00:00","dateModified":"2025-04-10T09:06:43+00:00","description":"Conoce a Marielle, artesana de Torroella que crea productos hechos a mano con materiales reciclados: bolsas, fundas, decoraci\u00f3n y mucho m\u00e1s.","breadcrumb":{"@id":"https:\/\/midybags.com\/es\/artesana\/#breadcrumb"},"inLanguage":"es","potentialAction":[{"@type":"ReadAction","target":["https:\/\/midybags.com\/es\/artesana\/"]}]},{"@type":"ImageObject","inLanguage":"es","@id":"https:\/\/midybags.com\/es\/artesana\/#primaryimage","url":"https:\/\/midybags.com\/wp-content\/uploads\/2025\/04\/marielle--scaled.jpg","contentUrl":"https:\/\/midybags.com\/wp-content\/uploads\/2025\/04\/marielle--scaled.jpg","width":2560,"height":1920,"caption":"artesana"},{"@type":"BreadcrumbList","@id":"https:\/\/midybags.com\/es\/artesana\/#breadcrumb","itemListElement":[{"@type":"ListItem","position":1,"name":"Inici","item":"https:\/\/midybags.com\/es\/"},{"@type":"ListItem","position":2,"name":"Artesana"}]},{"@type":"WebSite","@id":"https:\/\/midybags.com\/es\/#website","url":"https:\/\/midybags.com\/es\/","name":"Midy Bags","description":"Lones i veles reciclades","publisher":{"@id":"https:\/\/midybags.com\/es\/#organization"},"potentialAction":[{"@type":"SearchAction","target":{"@type":"EntryPoint","urlTemplate":"https:\/\/midybags.com\/es\/?s={search_term_string}"},"query-input":{"@type":"PropertyValueSpecification","valueRequired":true,"valueName":"search_term_string"}}],"inLanguage":"es"},{"@type":"Organization","@id":"https:\/\/midybags.com\/es\/#organization","name":"Midy Bags","url":"https:\/\/midybags.com\/es\/","logo":{"@type":"ImageObject","inLanguage":"es","@id":"https:\/\/midybags.com\/es\/#\/schema\/logo\/image\/","url":"https:\/\/midybags.com\/wp-content\/uploads\/2025\/03\/LOGO-2.png","contentUrl":"https:\/\/midybags.com\/wp-content\/uploads\/2025\/03\/LOGO-2.png","width":274,"height":275,"caption":"Midy Bags"},"image":{"@id":"https:\/\/midybags.com\/es\/#\/schema\/logo\/image\/"}}]}},"_links":{"self":[{"href":"https:\/\/midybags.com\/es\/wp-json\/wp\/v2\/pages\/847","targetHints":{"allow":["GET"]}}],"collection":[{"href":"https:\/\/midybags.com\/es\/wp-json\/wp\/v2\/pages"}],"about":[{"href":"https:\/\/midybags.com\/es\/wp-json\/wp\/v2\/types\/page"}],"author":[{"embeddable":true,"href":"https:\/\/midybags.com\/es\/wp-json\/wp\/v2\/users\/1"}],"replies":[{"embeddable":true,"href":"https:\/\/midybags.com\/es\/wp-json\/wp\/v2\/comments?post=847"}],"version-history":[{"count":5,"href":"https:\/\/midybags.com\/es\/wp-json\/wp\/v2\/pages\/847\/revisions"}],"predecessor-version":[{"id":1072,"href":"https:\/\/midybags.com\/es\/wp-json\/wp\/v2\/pages\/847\/revisions\/1072"}],"wp:featuredmedia":[{"embeddable":true,"href":"https:\/\/midybags.com\/es\/wp-json\/wp\/v2\/media\/833"}],"wp:attachment":[{"href":"https:\/\/midybags.com\/es\/wp-json\/wp\/v2\/media?parent=847"}],"curies":[{"name":"wp","href":"https:\/\/api.w.org\/{rel}","templated":true}]}}