{"id":848,"date":"2025-04-08T09:06:03","date_gmt":"2025-04-08T07:06:03","guid":{"rendered":"https:\/\/midybags.foster.cat\/contacto\/"},"modified":"2025-11-05T13:01:23","modified_gmt":"2025-11-05T12:01:23","slug":"contacto","status":"publish","type":"page","link":"https:\/\/midybags.com\/es\/contacto\/","title":{"rendered":"Contacto"},"content":{"rendered":"<h1>CONTACTO<\/h1>\n<p>Contacta con Midybags<\/p>\n<p>\t\t\t\t\t\t\t\t\t\t\t\t\t\t\t<img decoding=\"async\" width=\"2560\" height=\"2448\" src=\"https:\/\/midybags.com\/wp-content\/uploads\/2025\/04\/Recurso-6-scaled.webp\" alt=\"Contacte\" srcset=\"https:\/\/midybags.com\/wp-content\/uploads\/2025\/04\/Recurso-6-scaled.webp 2560w, https:\/\/midybags.com\/wp-content\/uploads\/2025\/04\/Recurso-6-300x287.webp 300w, https:\/\/midybags.com\/wp-content\/uploads\/2025\/04\/Recurso-6-1024x979.webp 1024w, https:\/\/midybags.com\/wp-content\/uploads\/2025\/04\/Recurso-6-768x734.webp 768w, https:\/\/midybags.com\/wp-content\/uploads\/2025\/04\/Recurso-6-1536x1469.webp 1536w, https:\/\/midybags.com\/wp-content\/uploads\/2025\/04\/Recurso-6-2048x1958.webp 2048w\" sizes=\"(max-width: 2560px) 100vw, 2560px\" \/>\t\t\t\t\t\t\t\t\t\t\t\t\t\t\t<\/p>\n<p>Contacta con Midybags<\/p>\n<h2>\u00bfTienes una idea para un proyecto personalizado?  <\/h2>\n<p>\u00bfQuieres m\u00e1s informaci\u00f3n sobre nuestros productos o servicios? Env\u00edanos un mensaje y estaremos encantados de ayudarte a hacer realidad tu proyecto. <\/p>\n<ul>\n<li>\n\t\t\t\t\t\t\t\t\t\t\t<a href=\"https:\/\/maps.app.goo.gl\/296MP94P1U7gQ14t7\"><br \/>\n\t\t\t\t\t\t\t\t\t\t\tCalle de Barcelona, \u200b\u200b56, Plaza Pont Nou 17258 L&#8217;Estartit, Girona<br \/>\n\t\t\t\t\t\t\t\t\t\t\t<\/a>\n\t\t\t\t\t\t\t\t\t<\/li>\n<li>\n\t\t\t\t\t\t\t\t\t\t\t<a href=\"tel:676744903\"><br \/>\n\t\t\t\t\t\t\t\t\t\t\tTel\u00e9fono: +34 676 74 49 03<br \/>\n\t\t\t\t\t\t\t\t\t\t\t<\/a>\n\t\t\t\t\t\t\t\t\t<\/li>\n<li>\n\t\t\t\t\t\t\t\t\t\t\t<a href=\"mailto:mariellemidy@yahoo.es\"><br \/>\n\t\t\t\t\t\t\t\t\t\t\tE-mail: mariellemidy@yahoo.es<br \/>\n\t\t\t\t\t\t\t\t\t\t\t<\/a>\n\t\t\t\t\t\t\t\t\t<\/li>\n<\/ul>\n<p>\t\t\t\t\t\t\t\t\t\t\t\t\t\t\t<img decoding=\"async\" width=\"432\" height=\"610\" src=\"https:\/\/midybags.com\/wp-content\/uploads\/2025\/04\/Botiga-taller-1-1.png\" alt=\"Botiga taller 1\" srcset=\"https:\/\/midybags.com\/wp-content\/uploads\/2025\/04\/Botiga-taller-1-1.png 432w, https:\/\/midybags.com\/wp-content\/uploads\/2025\/04\/Botiga-taller-1-1-212x300.png 212w\" sizes=\"(max-width: 432px) 100vw, 432px\" \/><br \/>\n\t\t\t<iframe loading=\"lazy\"\n\t\t\t\t\tsrc=\"https:\/\/maps.google.com\/maps?q=Carrer%20de%20Barcelona%2C%2058%2C%2017258%20L%27Estartit%2C%20Girona&#038;t=m&#038;z=17&#038;output=embed&#038;iwloc=near\"\n\t\t\t\t\ttitle=\"Carrer de Barcelona, 58, 17258 L&#039;Estartit, Girona\"\n\t\t\t\t\taria-label=\"Carrer de Barcelona, 58, 17258 L&#039;Estartit, Girona\"\n\t\t\t><\/iframe><\/p>\n","protected":false},"excerpt":{"rendered":"<p>CONTACTO Contacta con Midybags Contacta con Midybags \u00bfTienes una idea para un proyecto personalizado? \u00bfQuieres m\u00e1s informaci\u00f3n sobre nuestros productos o servicios? Env\u00edanos un mensaje y estaremos encantados de ayudarte a hacer realidad tu proyecto. Calle de Barcelona, \u200b\u200b56, Plaza Pont Nou 17258 L&#8217;Estartit, Girona Tel\u00e9fono: +34 676 74 49 03 E-mail: mariellemidy@yahoo.es<\/p>\n","protected":false},"author":1,"featured_media":762,"parent":0,"menu_order":0,"comment_status":"closed","ping_status":"closed","template":"","meta":{"footnotes":""},"class_list":["post-848","page","type-page","status-publish","has-post-thumbnail","hentry"],"yoast_head":"<!-- This site is optimized with the Yoast SEO plugin v27.5 - https:\/\/yoast.com\/product\/yoast-seo-wordpress\/ -->\n<title>Contacto decoraci\u00f3n artesanal - Midy Bags<\/title>\n<meta name=\"description\" content=\"Contacto para decoraci\u00f3n artesanal a medida Midy Bags. Haz realidad tu proyecto con creaciones hechas con velas recicladas.\" \/>\n<meta name=\"robots\" content=\"index, follow, max-snippet:-1, max-image-preview:large, max-video-preview:-1\" \/>\n<link rel=\"canonical\" href=\"https:\/\/midybags.com\/es\/contacto\/\" \/>\n<meta property=\"og:locale\" content=\"es_ES\" \/>\n<meta property=\"og:type\" content=\"article\" \/>\n<meta property=\"og:title\" content=\"Contacto decoraci\u00f3n artesanal - Midy Bags\" \/>\n<meta property=\"og:description\" content=\"Contacto para decoraci\u00f3n artesanal a medida Midy Bags. Haz realidad tu proyecto con creaciones hechas con velas recicladas.\" \/>\n<meta property=\"og:url\" content=\"https:\/\/midybags.com\/es\/contacto\/\" \/>\n<meta property=\"og:site_name\" content=\"Midy Bags\" \/>\n<meta property=\"article:modified_time\" content=\"2025-11-05T12:01:23+00:00\" \/>\n<meta property=\"og:image\" content=\"https:\/\/midybags.com\/wp-content\/uploads\/2025\/03\/LOGO-.jpg\" \/>\n\t<meta property=\"og:image:width\" content=\"1124\" \/>\n\t<meta property=\"og:image:height\" content=\"1135\" \/>\n\t<meta property=\"og:image:type\" content=\"image\/jpeg\" \/>\n<meta name=\"twitter:card\" content=\"summary_large_image\" \/>\n<meta name=\"twitter:label1\" content=\"Tiempo de lectura\" \/>\n\t<meta name=\"twitter:data1\" content=\"1 minuto\" \/>\n<script type=\"application\/ld+json\" class=\"yoast-schema-graph\">{\"@context\":\"https:\\\/\\\/schema.org\",\"@graph\":[{\"@type\":\"WebPage\",\"@id\":\"https:\\\/\\\/midybags.com\\\/es\\\/contacto\\\/\",\"url\":\"https:\\\/\\\/midybags.com\\\/es\\\/contacto\\\/\",\"name\":\"Contacto decoraci\u00f3n artesanal - Midy Bags\",\"isPartOf\":{\"@id\":\"https:\\\/\\\/midybags.com\\\/es\\\/#website\"},\"primaryImageOfPage\":{\"@id\":\"https:\\\/\\\/midybags.com\\\/es\\\/contacto\\\/#primaryimage\"},\"image\":{\"@id\":\"https:\\\/\\\/midybags.com\\\/es\\\/contacto\\\/#primaryimage\"},\"thumbnailUrl\":\"https:\\\/\\\/midybags.com\\\/wp-content\\\/uploads\\\/2025\\\/03\\\/LOGO-.jpg\",\"datePublished\":\"2025-04-08T07:06:03+00:00\",\"dateModified\":\"2025-11-05T12:01:23+00:00\",\"description\":\"Contacto para decoraci\u00f3n artesanal a medida Midy Bags. Haz realidad tu proyecto con creaciones hechas con velas recicladas.\",\"breadcrumb\":{\"@id\":\"https:\\\/\\\/midybags.com\\\/es\\\/contacto\\\/#breadcrumb\"},\"inLanguage\":\"es\",\"potentialAction\":[{\"@type\":\"ReadAction\",\"target\":[\"https:\\\/\\\/midybags.com\\\/es\\\/contacto\\\/\"]}]},{\"@type\":\"ImageObject\",\"inLanguage\":\"es\",\"@id\":\"https:\\\/\\\/midybags.com\\\/es\\\/contacto\\\/#primaryimage\",\"url\":\"https:\\\/\\\/midybags.com\\\/wp-content\\\/uploads\\\/2025\\\/03\\\/LOGO-.jpg\",\"contentUrl\":\"https:\\\/\\\/midybags.com\\\/wp-content\\\/uploads\\\/2025\\\/03\\\/LOGO-.jpg\",\"width\":1124,\"height\":1135,\"caption\":\"Midybags_logo\"},{\"@type\":\"BreadcrumbList\",\"@id\":\"https:\\\/\\\/midybags.com\\\/es\\\/contacto\\\/#breadcrumb\",\"itemListElement\":[{\"@type\":\"ListItem\",\"position\":1,\"name\":\"Inici\",\"item\":\"https:\\\/\\\/midybags.com\\\/es\\\/\"},{\"@type\":\"ListItem\",\"position\":2,\"name\":\"Contacto\"}]},{\"@type\":\"WebSite\",\"@id\":\"https:\\\/\\\/midybags.com\\\/es\\\/#website\",\"url\":\"https:\\\/\\\/midybags.com\\\/es\\\/\",\"name\":\"Midy Bags\",\"description\":\"Lones i veles reciclades\",\"publisher\":{\"@id\":\"https:\\\/\\\/midybags.com\\\/es\\\/#organization\"},\"potentialAction\":[{\"@type\":\"SearchAction\",\"target\":{\"@type\":\"EntryPoint\",\"urlTemplate\":\"https:\\\/\\\/midybags.com\\\/es\\\/?s={search_term_string}\"},\"query-input\":{\"@type\":\"PropertyValueSpecification\",\"valueRequired\":true,\"valueName\":\"search_term_string\"}}],\"inLanguage\":\"es\"},{\"@type\":\"Organization\",\"@id\":\"https:\\\/\\\/midybags.com\\\/es\\\/#organization\",\"name\":\"Midy Bags\",\"url\":\"https:\\\/\\\/midybags.com\\\/es\\\/\",\"logo\":{\"@type\":\"ImageObject\",\"inLanguage\":\"es\",\"@id\":\"https:\\\/\\\/midybags.com\\\/es\\\/#\\\/schema\\\/logo\\\/image\\\/\",\"url\":\"https:\\\/\\\/midybags.com\\\/wp-content\\\/uploads\\\/2025\\\/03\\\/LOGO-2.png\",\"contentUrl\":\"https:\\\/\\\/midybags.com\\\/wp-content\\\/uploads\\\/2025\\\/03\\\/LOGO-2.png\",\"width\":274,\"height\":275,\"caption\":\"Midy Bags\"},\"image\":{\"@id\":\"https:\\\/\\\/midybags.com\\\/es\\\/#\\\/schema\\\/logo\\\/image\\\/\"}}]}<\/script>\n<!-- \/ Yoast SEO plugin. -->","yoast_head_json":{"title":"Contacto decoraci\u00f3n artesanal - Midy Bags","description":"Contacto para decoraci\u00f3n artesanal a medida Midy Bags. Haz realidad tu proyecto con creaciones hechas con velas recicladas.","robots":{"index":"index","follow":"follow","max-snippet":"max-snippet:-1","max-image-preview":"max-image-preview:large","max-video-preview":"max-video-preview:-1"},"canonical":"https:\/\/midybags.com\/es\/contacto\/","og_locale":"es_ES","og_type":"article","og_title":"Contacto decoraci\u00f3n artesanal - Midy Bags","og_description":"Contacto para decoraci\u00f3n artesanal a medida Midy Bags. Haz realidad tu proyecto con creaciones hechas con velas recicladas.","og_url":"https:\/\/midybags.com\/es\/contacto\/","og_site_name":"Midy Bags","article_modified_time":"2025-11-05T12:01:23+00:00","og_image":[{"width":1124,"height":1135,"url":"https:\/\/midybags.com\/wp-content\/uploads\/2025\/03\/LOGO-.jpg","type":"image\/jpeg"}],"twitter_card":"summary_large_image","twitter_misc":{"Tiempo de lectura":"1 minuto"},"schema":{"@context":"https:\/\/schema.org","@graph":[{"@type":"WebPage","@id":"https:\/\/midybags.com\/es\/contacto\/","url":"https:\/\/midybags.com\/es\/contacto\/","name":"Contacto decoraci\u00f3n artesanal - Midy Bags","isPartOf":{"@id":"https:\/\/midybags.com\/es\/#website"},"primaryImageOfPage":{"@id":"https:\/\/midybags.com\/es\/contacto\/#primaryimage"},"image":{"@id":"https:\/\/midybags.com\/es\/contacto\/#primaryimage"},"thumbnailUrl":"https:\/\/midybags.com\/wp-content\/uploads\/2025\/03\/LOGO-.jpg","datePublished":"2025-04-08T07:06:03+00:00","dateModified":"2025-11-05T12:01:23+00:00","description":"Contacto para decoraci\u00f3n artesanal a medida Midy Bags. Haz realidad tu proyecto con creaciones hechas con velas recicladas.","breadcrumb":{"@id":"https:\/\/midybags.com\/es\/contacto\/#breadcrumb"},"inLanguage":"es","potentialAction":[{"@type":"ReadAction","target":["https:\/\/midybags.com\/es\/contacto\/"]}]},{"@type":"ImageObject","inLanguage":"es","@id":"https:\/\/midybags.com\/es\/contacto\/#primaryimage","url":"https:\/\/midybags.com\/wp-content\/uploads\/2025\/03\/LOGO-.jpg","contentUrl":"https:\/\/midybags.com\/wp-content\/uploads\/2025\/03\/LOGO-.jpg","width":1124,"height":1135,"caption":"Midybags_logo"},{"@type":"BreadcrumbList","@id":"https:\/\/midybags.com\/es\/contacto\/#breadcrumb","itemListElement":[{"@type":"ListItem","position":1,"name":"Inici","item":"https:\/\/midybags.com\/es\/"},{"@type":"ListItem","position":2,"name":"Contacto"}]},{"@type":"WebSite","@id":"https:\/\/midybags.com\/es\/#website","url":"https:\/\/midybags.com\/es\/","name":"Midy Bags","description":"Lones i veles reciclades","publisher":{"@id":"https:\/\/midybags.com\/es\/#organization"},"potentialAction":[{"@type":"SearchAction","target":{"@type":"EntryPoint","urlTemplate":"https:\/\/midybags.com\/es\/?s={search_term_string}"},"query-input":{"@type":"PropertyValueSpecification","valueRequired":true,"valueName":"search_term_string"}}],"inLanguage":"es"},{"@type":"Organization","@id":"https:\/\/midybags.com\/es\/#organization","name":"Midy Bags","url":"https:\/\/midybags.com\/es\/","logo":{"@type":"ImageObject","inLanguage":"es","@id":"https:\/\/midybags.com\/es\/#\/schema\/logo\/image\/","url":"https:\/\/midybags.com\/wp-content\/uploads\/2025\/03\/LOGO-2.png","contentUrl":"https:\/\/midybags.com\/wp-content\/uploads\/2025\/03\/LOGO-2.png","width":274,"height":275,"caption":"Midy Bags"},"image":{"@id":"https:\/\/midybags.com\/es\/#\/schema\/logo\/image\/"}}]}},"_links":{"self":[{"href":"https:\/\/midybags.com\/es\/wp-json\/wp\/v2\/pages\/848","targetHints":{"allow":["GET"]}}],"collection":[{"href":"https:\/\/midybags.com\/es\/wp-json\/wp\/v2\/pages"}],"about":[{"href":"https:\/\/midybags.com\/es\/wp-json\/wp\/v2\/types\/page"}],"author":[{"embeddable":true,"href":"https:\/\/midybags.com\/es\/wp-json\/wp\/v2\/users\/1"}],"replies":[{"embeddable":true,"href":"https:\/\/midybags.com\/es\/wp-json\/wp\/v2\/comments?post=848"}],"version-history":[{"count":15,"href":"https:\/\/midybags.com\/es\/wp-json\/wp\/v2\/pages\/848\/revisions"}],"predecessor-version":[{"id":1198,"href":"https:\/\/midybags.com\/es\/wp-json\/wp\/v2\/pages\/848\/revisions\/1198"}],"wp:featuredmedia":[{"embeddable":true,"href":"https:\/\/midybags.com\/es\/wp-json\/wp\/v2\/media\/762"}],"wp:attachment":[{"href":"https:\/\/midybags.com\/es\/wp-json\/wp\/v2\/media?parent=848"}],"curies":[{"name":"wp","href":"https:\/\/api.w.org\/{rel}","templated":true}]}}