{"id":850,"date":"2025-04-08T08:29:04","date_gmt":"2025-04-08T06:29:04","guid":{"rendered":"https:\/\/midybags.foster.cat\/servicios\/"},"modified":"2025-04-10T11:29:43","modified_gmt":"2025-04-10T09:29:43","slug":"servicios","status":"publish","type":"page","link":"https:\/\/midybags.com\/es\/servicios\/","title":{"rendered":"Servicios"},"content":{"rendered":"<h1>SERVICIOS<\/h1>\n<p>Servicios para embarcaciones, terrazas y exteriores, y decoraci\u00f3n interior<\/p>\n<p>\t\t\t\t\t\t\t\t\t\t\t\t\t\t\t<img decoding=\"async\" width=\"2380\" height=\"2560\" src=\"https:\/\/midybags.foster.cat\/wp-content\/uploads\/2025\/04\/Recurso-4-scaled.webp\" alt=\"SERVEIS\" srcset=\"https:\/\/midybags.foster.cat\/wp-content\/uploads\/2025\/04\/Recurso-4-scaled.webp 2380w, https:\/\/midybags.foster.cat\/wp-content\/uploads\/2025\/04\/Recurso-4-279x300.webp 279w, https:\/\/midybags.foster.cat\/wp-content\/uploads\/2025\/04\/Recurso-4-952x1024.webp 952w, https:\/\/midybags.foster.cat\/wp-content\/uploads\/2025\/04\/Recurso-4-768x826.webp 768w, https:\/\/midybags.foster.cat\/wp-content\/uploads\/2025\/04\/Recurso-4-1428x1536.webp 1428w, https:\/\/midybags.foster.cat\/wp-content\/uploads\/2025\/04\/Recurso-4-1904x2048.webp 1904w\" sizes=\"(max-width: 2380px) 100vw, 2380px\" \/><br \/>\n\t\tServicios para embarcaciones, terrazas y<\/br> exteriores, y decoraci\u00f3n interior\t\t<\/p>\n<h3>Una segunda vida<\/h3>\n<p>En Midybags, cada pieza nace de la voluntad de dar una segunda vida a materiales que <strong>han vivido el mar, el viento y el paso del tiempo<\/strong> . Recortes de velas que <strong>han cruzado horizontes, lonas que han protegido historias<\/strong> . Con paciencia y oficio, los transformo en elementos que <strong>siguen teniendo una funci\u00f3n pero con una nueva mirada.<\/strong>  <\/p>\n<p>\t\t\t\t\t\t\t\t\t\t\t\t\t\t\t<img decoding=\"async\" width=\"705\" height=\"545\" src=\"https:\/\/midybags.foster.cat\/wp-content\/uploads\/2025\/04\/Botiga-taller-1.png\" alt=\"Botiga taller 1\" srcset=\"https:\/\/midybags.foster.cat\/wp-content\/uploads\/2025\/04\/Botiga-taller-1.png 705w, https:\/\/midybags.foster.cat\/wp-content\/uploads\/2025\/04\/Botiga-taller-1-300x232.png 300w\" sizes=\"(max-width: 705px) 100vw, 705px\" \/>\t\t\t\t\t\t\t\t\t\t\t\t\t\t\t<\/p>\n<h2>Para embarcaciones<\/h2>\n<p>\t\t\t\t\t\t\t\t\t\t\t\t\t\t\t<img decoding=\"async\" width=\"62\" height=\"62\" src=\"https:\/\/midybags.foster.cat\/wp-content\/uploads\/2025\/04\/mynaui_boat.svg\" alt=\"mynaui_boat\" \/>\t\t\t\t\t\t\t\t\t\t\t\t\t\t\t<\/p>\n<p>Almohadas para el interior y el exterior, fundas para timones, redes de protecci\u00f3n, toldos a medida, reparaci\u00f3n de velas y lonas. Creaciones que se integran en el barco, respetando su esencia. <\/p>\n<p>\t\t\t\t\t\t\t<a href=\"https:\/\/midybags.foster.cat\/wp-content\/uploads\/2025\/04\/IMG_7504-1-1.png\" data-elementor-open-lightbox=\"yes\" data-elementor-lightbox-slideshow=\"ef745a3\" data-elementor-lightbox-title=\"Costura pell timo\u0301\" data-e-action-hash=\"#elementor-action%3Aaction%3Dlightbox%26settings%3DeyJpZCI6OTUzLCJ1cmwiOiJodHRwczpcL1wvbWlkeWJhZ3MuZm9zdGVyLmNhdFwvd3AtY29udGVudFwvdXBsb2Fkc1wvMjAyNVwvMDRcL0lNR183NTA0LTEtMS5wbmciLCJzbGlkZXNob3ciOiJlZjc0NWEzIn0%3D\"><br \/>\n\t\t\t\t\t\t\t\t\t\t\t\t\t\t<\/a><br \/>\n\t\t\t\t\t\t\t<a href=\"https:\/\/midybags.foster.cat\/wp-content\/uploads\/2025\/04\/Coixins-personalitzats-itaca-1.png\" data-elementor-open-lightbox=\"yes\" data-elementor-lightbox-slideshow=\"ef745a3\" data-elementor-lightbox-title=\"Coi\u0308xins personalitzats itaca\" data-e-action-hash=\"#elementor-action%3Aaction%3Dlightbox%26settings%3DeyJpZCI6OTQ5LCJ1cmwiOiJodHRwczpcL1wvbWlkeWJhZ3MuZm9zdGVyLmNhdFwvd3AtY29udGVudFwvdXBsb2Fkc1wvMjAyNVwvMDRcL0NvaXhpbnMtcGVyc29uYWxpdHphdHMtaXRhY2EtMS5wbmciLCJzbGlkZXNob3ciOiJlZjc0NWEzIn0%3D\"><br \/>\n\t\t\t\t\t\t\t\t\t\t\t\t\t\t<\/a><br \/>\n\t\t\t\t\t\t\t<a href=\"https:\/\/midybags.foster.cat\/wp-content\/uploads\/2025\/04\/Coixins-encarrec-deco-1-1.png\" data-elementor-open-lightbox=\"yes\" data-elementor-lightbox-slideshow=\"ef745a3\" data-elementor-lightbox-title=\"Coi\u0308xins encarrec deco 1\" data-e-action-hash=\"#elementor-action%3Aaction%3Dlightbox%26settings%3DeyJpZCI6OTQ3LCJ1cmwiOiJodHRwczpcL1wvbWlkeWJhZ3MuZm9zdGVyLmNhdFwvd3AtY29udGVudFwvdXBsb2Fkc1wvMjAyNVwvMDRcL0NvaXhpbnMtZW5jYXJyZWMtZGVjby0xLTEucG5nIiwic2xpZGVzaG93IjoiZWY3NDVhMyJ9\"><br \/>\n\t\t\t\t\t\t\t\t\t\t\t\t\t\t<\/a><br \/>\n\t\t\t\t\t\t\t<a href=\"https:\/\/midybags.foster.cat\/wp-content\/uploads\/2025\/04\/Costura-pell-timo-1.png\" data-elementor-open-lightbox=\"yes\" data-elementor-lightbox-slideshow=\"ef745a3\" data-elementor-lightbox-title=\"Costura pell timo\u0301\" data-e-action-hash=\"#elementor-action%3Aaction%3Dlightbox%26settings%3DeyJpZCI6OTUxLCJ1cmwiOiJodHRwczpcL1wvbWlkeWJhZ3MuZm9zdGVyLmNhdFwvd3AtY29udGVudFwvdXBsb2Fkc1wvMjAyNVwvMDRcL0Nvc3R1cmEtcGVsbC10aW1vLTEucG5nIiwic2xpZGVzaG93IjoiZWY3NDVhMyJ9\"><br \/>\n\t\t\t\t\t\t\t\t\t\t\t\t\t\t<\/a><\/p>\n<h2>Para espacios al aire libre<\/h2>\n<p>\t\t\t\t\t\t\t\t\t\t\t\t\t\t\t<img decoding=\"async\" width=\"54\" height=\"54\" src=\"https:\/\/midybags.foster.cat\/wp-content\/uploads\/2025\/04\/hugeicons_terrace.svg\" alt=\"hugeicons_terrace\" \/>\t\t\t\t\t\t\t\t\t\t\t\t\t\t\t<\/p>\n<p>Lonas para terrazas y jardines, fundas para mobiliario de exterior, almohadas resistentes al sol y al salitre. Materiales que han navegado ofrecen ahora refugio, comodidad y belleza en nuevos espacios. <\/p>\n<p>\t\t\t\t\t\t\t<a href=\"https:\/\/midybags.foster.cat\/wp-content\/uploads\/2025\/04\/Cadira-director-canvi-lona-1-1.png\" data-elementor-open-lightbox=\"yes\" data-elementor-lightbox-slideshow=\"bfee0c7\" data-elementor-lightbox-title=\"Cadira director canvi lona 1\" data-e-action-hash=\"#elementor-action%3Aaction%3Dlightbox%26settings%3DeyJpZCI6OTU4LCJ1cmwiOiJodHRwczpcL1wvbWlkeWJhZ3MuZm9zdGVyLmNhdFwvd3AtY29udGVudFwvdXBsb2Fkc1wvMjAyNVwvMDRcL0NhZGlyYS1kaXJlY3Rvci1jYW52aS1sb25hLTEtMS5wbmciLCJzbGlkZXNob3ciOiJiZmVlMGM3In0%3D\"><br \/>\n\t\t\t\t\t\t\t\t\t\t\t\t\t\t<\/a><br \/>\n\t\t\t\t\t\t\t<a href=\"https:\/\/midybags.foster.cat\/wp-content\/uploads\/2025\/04\/Lona-protectora-sol-personalitzada-1-1.png\" data-elementor-open-lightbox=\"yes\" data-elementor-lightbox-slideshow=\"bfee0c7\" data-elementor-lightbox-title=\"Lona protectora sol personalitzada 1\" data-e-action-hash=\"#elementor-action%3Aaction%3Dlightbox%26settings%3DeyJpZCI6OTYyLCJ1cmwiOiJodHRwczpcL1wvbWlkeWJhZ3MuZm9zdGVyLmNhdFwvd3AtY29udGVudFwvdXBsb2Fkc1wvMjAyNVwvMDRcL0xvbmEtcHJvdGVjdG9yYS1zb2wtcGVyc29uYWxpdHphZGEtMS0xLnBuZyIsInNsaWRlc2hvdyI6ImJmZWUwYzcifQ%3D%3D\"><br \/>\n\t\t\t\t\t\t\t\t\t\t\t\t\t\t<\/a><br \/>\n\t\t\t\t\t\t\t<a href=\"https:\/\/midybags.foster.cat\/wp-content\/uploads\/2025\/04\/Coixins-canvi-fundes-1-1.png\" data-elementor-open-lightbox=\"yes\" data-elementor-lightbox-slideshow=\"bfee0c7\" data-elementor-lightbox-title=\"Coi\u0308xins canvi fundes 1\" data-e-action-hash=\"#elementor-action%3Aaction%3Dlightbox%26settings%3DeyJpZCI6OTYwLCJ1cmwiOiJodHRwczpcL1wvbWlkeWJhZ3MuZm9zdGVyLmNhdFwvd3AtY29udGVudFwvdXBsb2Fkc1wvMjAyNVwvMDRcL0NvaXhpbnMtY2FudmktZnVuZGVzLTEtMS5wbmciLCJzbGlkZXNob3ciOiJiZmVlMGM3In0%3D\"><br \/>\n\t\t\t\t\t\t\t\t\t\t\t\t\t\t<\/a><br \/>\n\t\t\t\t\t\t\t<a href=\"https:\/\/midybags.foster.cat\/wp-content\/uploads\/2025\/04\/Canvi-lona-parasol-1-1.png\" data-elementor-open-lightbox=\"yes\" data-elementor-lightbox-slideshow=\"bfee0c7\" data-elementor-lightbox-title=\"Canvi lona parasol 1\" data-e-action-hash=\"#elementor-action%3Aaction%3Dlightbox%26settings%3DeyJpZCI6OTU2LCJ1cmwiOiJodHRwczpcL1wvbWlkeWJhZ3MuZm9zdGVyLmNhdFwvd3AtY29udGVudFwvdXBsb2Fkc1wvMjAyNVwvMDRcL0NhbnZpLWxvbmEtcGFyYXNvbC0xLTEucG5nIiwic2xpZGVzaG93IjoiYmZlZTBjNyJ9\"><br \/>\n\t\t\t\t\t\t\t\t\t\t\t\t\t\t<\/a><\/p>\n<h2>Para interiores y otros proyectos<\/h2>\n<p>\t\t\t\t\t\t\t\t\t\t\t\t\t\t\t<img decoding=\"async\" width=\"55\" height=\"55\" src=\"https:\/\/midybags.foster.cat\/wp-content\/uploads\/2025\/04\/iconamoon_home-thin.svg\" alt=\"iconamoon_home-thin\" \/>\t\t\t\t\t\t\t\t\t\t\t\t\t\t\t<\/p>\n<p>Asientos de moto, fundas para bicicletas, piezas \u00fanicas de decoraci\u00f3n. Cada creaci\u00f3n se realiza a medida, pensando en la durabilidad, funcionalidad y armon\u00eda con el entorno. <\/p>\n<p>\t\t\t\t\t\t\t<a href=\"https:\/\/midybags.foster.cat\/wp-content\/uploads\/2025\/04\/Monaders-lona-barco-2-1.png\" data-elementor-open-lightbox=\"yes\" data-elementor-lightbox-slideshow=\"2848832\" data-elementor-lightbox-title=\"Monaders lona barco 2\" data-e-action-hash=\"#elementor-action%3Aaction%3Dlightbox%26settings%3DeyJpZCI6OTY4LCJ1cmwiOiJodHRwczpcL1wvbWlkeWJhZ3MuZm9zdGVyLmNhdFwvd3AtY29udGVudFwvdXBsb2Fkc1wvMjAyNVwvMDRcL01vbmFkZXJzLWxvbmEtYmFyY28tMi0xLnBuZyIsInNsaWRlc2hvdyI6IjI4NDg4MzIifQ%3D%3D\"><br \/>\n\t\t\t\t\t\t\t\t\t\t\t\t\t\t<\/a><br \/>\n\t\t\t\t\t\t\t<a href=\"https:\/\/midybags.foster.cat\/wp-content\/uploads\/2025\/04\/Lampada-numeros-1-1.png\" data-elementor-open-lightbox=\"yes\" data-elementor-lightbox-slideshow=\"2848832\" data-elementor-lightbox-title=\"Lampada numeros 1\" data-e-action-hash=\"#elementor-action%3Aaction%3Dlightbox%26settings%3DeyJpZCI6OTY2LCJ1cmwiOiJodHRwczpcL1wvbWlkeWJhZ3MuZm9zdGVyLmNhdFwvd3AtY29udGVudFwvdXBsb2Fkc1wvMjAyNVwvMDRcL0xhbXBhZGEtbnVtZXJvcy0xLTEucG5nIiwic2xpZGVzaG93IjoiMjg0ODgzMiJ9\"><br \/>\n\t\t\t\t\t\t\t\t\t\t\t\t\t\t<\/a><br \/>\n\t\t\t\t\t\t\t<a href=\"https:\/\/midybags.foster.cat\/wp-content\/uploads\/2025\/04\/Deco-mobil-veles-3D-1-1.png\" data-elementor-open-lightbox=\"yes\" data-elementor-lightbox-slideshow=\"2848832\" data-elementor-lightbox-title=\"Deco mobil (veles 3D) 1\" data-e-action-hash=\"#elementor-action%3Aaction%3Dlightbox%26settings%3DeyJpZCI6OTY0LCJ1cmwiOiJodHRwczpcL1wvbWlkeWJhZ3MuZm9zdGVyLmNhdFwvd3AtY29udGVudFwvdXBsb2Fkc1wvMjAyNVwvMDRcL0RlY28tbW9iaWwtdmVsZXMtM0QtMS0xLnBuZyIsInNsaWRlc2hvdyI6IjI4NDg4MzIifQ%3D%3D\"><br \/>\n\t\t\t\t\t\t\t\t\t\t\t\t\t\t<\/a><br \/>\n\t\t\t\t\t\t\t<a href=\"https:\/\/midybags.foster.cat\/wp-content\/uploads\/2025\/04\/Coixins-vela-1-1.png\" data-elementor-open-lightbox=\"yes\" data-elementor-lightbox-slideshow=\"2848832\" data-elementor-lightbox-title=\"Coi\u0308xins vela 1\" data-e-action-hash=\"#elementor-action%3Aaction%3Dlightbox%26settings%3DeyJpZCI6OTcwLCJ1cmwiOiJodHRwczpcL1wvbWlkeWJhZ3MuZm9zdGVyLmNhdFwvd3AtY29udGVudFwvdXBsb2Fkc1wvMjAyNVwvMDRcL0NvaXhpbnMtdmVsYS0xLTEucG5nIiwic2xpZGVzaG93IjoiMjg0ODgzMiJ9\"><br \/>\n\t\t\t\t\t\t\t\t\t\t\t\t\t\t<\/a><\/p>\n<h6>\u00bfTienes una idea para un proyecto personalizado?<\/h6>\n<p>\t\t\t\t\t<a href=\"https:\/\/midybags.foster.cat\/es\/contacto\/\"><br \/>\n\t\t\t\t\t\t\t\t\tContacta conmigo<br \/>\n\t\t\t\t\t<\/a><\/p>\n","protected":false},"excerpt":{"rendered":"<p>SERVICIOS Servicios para embarcaciones, terrazas y exteriores, y decoraci\u00f3n interior Servicios para embarcaciones, terrazas y exteriores, y decoraci\u00f3n interior Una segunda vida En Midybags, cada pieza nace de la voluntad de dar una segunda vida a materiales que han vivido el mar, el viento y el paso del tiempo . Recortes de velas que han [&hellip;]<\/p>\n","protected":false},"author":1,"featured_media":801,"parent":0,"menu_order":0,"comment_status":"closed","ping_status":"closed","template":"","meta":{"footnotes":""},"class_list":["post-850","page","type-page","status-publish","has-post-thumbnail","hentry"],"yoast_head":"<!-- This site is optimized with the Yoast SEO plugin v27.5 - https:\/\/yoast.com\/product\/yoast-seo-wordpress\/ -->\n<title>Decoraci\u00f3n artesanal exterior y embarcaciones - Midy Bags<\/title>\n<meta name=\"description\" content=\"Decoraci\u00f3n artesanal para exterior y embarcaciones hecha con velas recicladas: almohadas, fundas, lonas a medida y mucho m\u00e1s.\" \/>\n<meta name=\"robots\" content=\"index, follow, max-snippet:-1, max-image-preview:large, max-video-preview:-1\" \/>\n<link rel=\"canonical\" href=\"https:\/\/midybags.com\/es\/servicios\/\" \/>\n<meta property=\"og:locale\" content=\"es_ES\" \/>\n<meta property=\"og:type\" content=\"article\" \/>\n<meta property=\"og:title\" content=\"Decoraci\u00f3n artesanal exterior y embarcaciones - Midy Bags\" \/>\n<meta property=\"og:description\" content=\"Decoraci\u00f3n artesanal para exterior y embarcaciones hecha con velas recicladas: almohadas, fundas, lonas a medida y mucho m\u00e1s.\" \/>\n<meta property=\"og:url\" content=\"https:\/\/midybags.com\/es\/servicios\/\" \/>\n<meta property=\"og:site_name\" content=\"Midy Bags\" \/>\n<meta property=\"article:modified_time\" content=\"2025-04-10T09:29:43+00:00\" \/>\n<meta property=\"og:image\" content=\"https:\/\/midybags.com\/wp-content\/uploads\/2025\/04\/Necessers-numero-a-6.png\" \/>\n\t<meta property=\"og:image:width\" content=\"373\" \/>\n\t<meta property=\"og:image:height\" content=\"400\" \/>\n\t<meta property=\"og:image:type\" content=\"image\/png\" \/>\n<meta name=\"twitter:card\" content=\"summary_large_image\" \/>\n<meta name=\"twitter:label1\" content=\"Tiempo de lectura\" \/>\n\t<meta name=\"twitter:data1\" content=\"2 minutos\" \/>\n<script type=\"application\/ld+json\" class=\"yoast-schema-graph\">{\"@context\":\"https:\\\/\\\/schema.org\",\"@graph\":[{\"@type\":\"WebPage\",\"@id\":\"https:\\\/\\\/midybags.com\\\/es\\\/servicios\\\/\",\"url\":\"https:\\\/\\\/midybags.com\\\/es\\\/servicios\\\/\",\"name\":\"Decoraci\u00f3n artesanal exterior y embarcaciones - Midy Bags\",\"isPartOf\":{\"@id\":\"https:\\\/\\\/midybags.com\\\/es\\\/#website\"},\"primaryImageOfPage\":{\"@id\":\"https:\\\/\\\/midybags.com\\\/es\\\/servicios\\\/#primaryimage\"},\"image\":{\"@id\":\"https:\\\/\\\/midybags.com\\\/es\\\/servicios\\\/#primaryimage\"},\"thumbnailUrl\":\"https:\\\/\\\/midybags.com\\\/wp-content\\\/uploads\\\/2025\\\/04\\\/Necessers-numero-a-6.png\",\"datePublished\":\"2025-04-08T06:29:04+00:00\",\"dateModified\":\"2025-04-10T09:29:43+00:00\",\"description\":\"Decoraci\u00f3n artesanal para exterior y embarcaciones hecha con velas recicladas: almohadas, fundas, lonas a medida y mucho m\u00e1s.\",\"breadcrumb\":{\"@id\":\"https:\\\/\\\/midybags.com\\\/es\\\/servicios\\\/#breadcrumb\"},\"inLanguage\":\"es\",\"potentialAction\":[{\"@type\":\"ReadAction\",\"target\":[\"https:\\\/\\\/midybags.com\\\/es\\\/servicios\\\/\"]}]},{\"@type\":\"ImageObject\",\"inLanguage\":\"es\",\"@id\":\"https:\\\/\\\/midybags.com\\\/es\\\/servicios\\\/#primaryimage\",\"url\":\"https:\\\/\\\/midybags.com\\\/wp-content\\\/uploads\\\/2025\\\/04\\\/Necessers-numero-a-6.png\",\"contentUrl\":\"https:\\\/\\\/midybags.com\\\/wp-content\\\/uploads\\\/2025\\\/04\\\/Necessers-numero-a-6.png\",\"width\":373,\"height\":400},{\"@type\":\"BreadcrumbList\",\"@id\":\"https:\\\/\\\/midybags.com\\\/es\\\/servicios\\\/#breadcrumb\",\"itemListElement\":[{\"@type\":\"ListItem\",\"position\":1,\"name\":\"Inici\",\"item\":\"https:\\\/\\\/midybags.com\\\/es\\\/\"},{\"@type\":\"ListItem\",\"position\":2,\"name\":\"Servicios\"}]},{\"@type\":\"WebSite\",\"@id\":\"https:\\\/\\\/midybags.com\\\/es\\\/#website\",\"url\":\"https:\\\/\\\/midybags.com\\\/es\\\/\",\"name\":\"Midy Bags\",\"description\":\"Lones i veles reciclades\",\"publisher\":{\"@id\":\"https:\\\/\\\/midybags.com\\\/es\\\/#organization\"},\"potentialAction\":[{\"@type\":\"SearchAction\",\"target\":{\"@type\":\"EntryPoint\",\"urlTemplate\":\"https:\\\/\\\/midybags.com\\\/es\\\/?s={search_term_string}\"},\"query-input\":{\"@type\":\"PropertyValueSpecification\",\"valueRequired\":true,\"valueName\":\"search_term_string\"}}],\"inLanguage\":\"es\"},{\"@type\":\"Organization\",\"@id\":\"https:\\\/\\\/midybags.com\\\/es\\\/#organization\",\"name\":\"Midy Bags\",\"url\":\"https:\\\/\\\/midybags.com\\\/es\\\/\",\"logo\":{\"@type\":\"ImageObject\",\"inLanguage\":\"es\",\"@id\":\"https:\\\/\\\/midybags.com\\\/es\\\/#\\\/schema\\\/logo\\\/image\\\/\",\"url\":\"https:\\\/\\\/midybags.com\\\/wp-content\\\/uploads\\\/2025\\\/03\\\/LOGO-2.png\",\"contentUrl\":\"https:\\\/\\\/midybags.com\\\/wp-content\\\/uploads\\\/2025\\\/03\\\/LOGO-2.png\",\"width\":274,\"height\":275,\"caption\":\"Midy Bags\"},\"image\":{\"@id\":\"https:\\\/\\\/midybags.com\\\/es\\\/#\\\/schema\\\/logo\\\/image\\\/\"}}]}<\/script>\n<!-- \/ Yoast SEO plugin. -->","yoast_head_json":{"title":"Decoraci\u00f3n artesanal exterior y embarcaciones - Midy Bags","description":"Decoraci\u00f3n artesanal para exterior y embarcaciones hecha con velas recicladas: almohadas, fundas, lonas a medida y mucho m\u00e1s.","robots":{"index":"index","follow":"follow","max-snippet":"max-snippet:-1","max-image-preview":"max-image-preview:large","max-video-preview":"max-video-preview:-1"},"canonical":"https:\/\/midybags.com\/es\/servicios\/","og_locale":"es_ES","og_type":"article","og_title":"Decoraci\u00f3n artesanal exterior y embarcaciones - Midy Bags","og_description":"Decoraci\u00f3n artesanal para exterior y embarcaciones hecha con velas recicladas: almohadas, fundas, lonas a medida y mucho m\u00e1s.","og_url":"https:\/\/midybags.com\/es\/servicios\/","og_site_name":"Midy Bags","article_modified_time":"2025-04-10T09:29:43+00:00","og_image":[{"width":373,"height":400,"url":"https:\/\/midybags.com\/wp-content\/uploads\/2025\/04\/Necessers-numero-a-6.png","type":"image\/png"}],"twitter_card":"summary_large_image","twitter_misc":{"Tiempo de lectura":"2 minutos"},"schema":{"@context":"https:\/\/schema.org","@graph":[{"@type":"WebPage","@id":"https:\/\/midybags.com\/es\/servicios\/","url":"https:\/\/midybags.com\/es\/servicios\/","name":"Decoraci\u00f3n artesanal exterior y embarcaciones - Midy Bags","isPartOf":{"@id":"https:\/\/midybags.com\/es\/#website"},"primaryImageOfPage":{"@id":"https:\/\/midybags.com\/es\/servicios\/#primaryimage"},"image":{"@id":"https:\/\/midybags.com\/es\/servicios\/#primaryimage"},"thumbnailUrl":"https:\/\/midybags.com\/wp-content\/uploads\/2025\/04\/Necessers-numero-a-6.png","datePublished":"2025-04-08T06:29:04+00:00","dateModified":"2025-04-10T09:29:43+00:00","description":"Decoraci\u00f3n artesanal para exterior y embarcaciones hecha con velas recicladas: almohadas, fundas, lonas a medida y mucho m\u00e1s.","breadcrumb":{"@id":"https:\/\/midybags.com\/es\/servicios\/#breadcrumb"},"inLanguage":"es","potentialAction":[{"@type":"ReadAction","target":["https:\/\/midybags.com\/es\/servicios\/"]}]},{"@type":"ImageObject","inLanguage":"es","@id":"https:\/\/midybags.com\/es\/servicios\/#primaryimage","url":"https:\/\/midybags.com\/wp-content\/uploads\/2025\/04\/Necessers-numero-a-6.png","contentUrl":"https:\/\/midybags.com\/wp-content\/uploads\/2025\/04\/Necessers-numero-a-6.png","width":373,"height":400},{"@type":"BreadcrumbList","@id":"https:\/\/midybags.com\/es\/servicios\/#breadcrumb","itemListElement":[{"@type":"ListItem","position":1,"name":"Inici","item":"https:\/\/midybags.com\/es\/"},{"@type":"ListItem","position":2,"name":"Servicios"}]},{"@type":"WebSite","@id":"https:\/\/midybags.com\/es\/#website","url":"https:\/\/midybags.com\/es\/","name":"Midy Bags","description":"Lones i veles reciclades","publisher":{"@id":"https:\/\/midybags.com\/es\/#organization"},"potentialAction":[{"@type":"SearchAction","target":{"@type":"EntryPoint","urlTemplate":"https:\/\/midybags.com\/es\/?s={search_term_string}"},"query-input":{"@type":"PropertyValueSpecification","valueRequired":true,"valueName":"search_term_string"}}],"inLanguage":"es"},{"@type":"Organization","@id":"https:\/\/midybags.com\/es\/#organization","name":"Midy Bags","url":"https:\/\/midybags.com\/es\/","logo":{"@type":"ImageObject","inLanguage":"es","@id":"https:\/\/midybags.com\/es\/#\/schema\/logo\/image\/","url":"https:\/\/midybags.com\/wp-content\/uploads\/2025\/03\/LOGO-2.png","contentUrl":"https:\/\/midybags.com\/wp-content\/uploads\/2025\/03\/LOGO-2.png","width":274,"height":275,"caption":"Midy Bags"},"image":{"@id":"https:\/\/midybags.com\/es\/#\/schema\/logo\/image\/"}}]}},"_links":{"self":[{"href":"https:\/\/midybags.com\/es\/wp-json\/wp\/v2\/pages\/850","targetHints":{"allow":["GET"]}}],"collection":[{"href":"https:\/\/midybags.com\/es\/wp-json\/wp\/v2\/pages"}],"about":[{"href":"https:\/\/midybags.com\/es\/wp-json\/wp\/v2\/types\/page"}],"author":[{"embeddable":true,"href":"https:\/\/midybags.com\/es\/wp-json\/wp\/v2\/users\/1"}],"replies":[{"embeddable":true,"href":"https:\/\/midybags.com\/es\/wp-json\/wp\/v2\/comments?post=850"}],"version-history":[{"count":17,"href":"https:\/\/midybags.com\/es\/wp-json\/wp\/v2\/pages\/850\/revisions"}],"predecessor-version":[{"id":1149,"href":"https:\/\/midybags.com\/es\/wp-json\/wp\/v2\/pages\/850\/revisions\/1149"}],"wp:featuredmedia":[{"embeddable":true,"href":"https:\/\/midybags.com\/es\/wp-json\/wp\/v2\/media\/801"}],"wp:attachment":[{"href":"https:\/\/midybags.com\/es\/wp-json\/wp\/v2\/media?parent=850"}],"curies":[{"name":"wp","href":"https:\/\/api.w.org\/{rel}","templated":true}]}}